{"id":1422,"date":"2026-03-08T08:46:32","date_gmt":"2026-03-08T07:46:32","guid":{"rendered":"https:\/\/bloggertje.eu\/reklame\/"},"modified":"2024-02-27T20:30:03","modified_gmt":"2024-02-27T19:30:03","slug":"reklame","status":"publish","type":"page","link":"https:\/\/bloggertje.eu\/da\/reklame\/","title":{"rendered":"Reklame"},"content":{"rendered":"\r\n<p>Vil du gerne annoncere p\u00e5 en af de bedste blogs i Belgien? N\u00e6sten hver dag deler vores bloggere deres inspiration og information p\u00e5 bloggertje.eu. Vores hjemmeside rangerer godt i Google, og p\u00e5 grund af dette har vi opbygget en god tillid.<\/p>\r\n\r\n\r\n\r\n<h2 class=\"wp-block-heading\">Placer tekst<\/h2>\r\n\r\n\r\n\r\n<p>Du kan give os en tekst, som vi kan l\u00e6gge p\u00e5 hjemmesiden. Denne besked vil forblive p\u00e5 hjemmesiden permanent.<\/p>\r\n\r\n\r\n\r\n<p>&nbsp;<\/p>\r\n\r\n\r\n\r\n<ul class=\"wp-block-list\">\r\n<li>De fotos, du indsender, skal v\u00e6re fri for rettigheder eller bevis for, at de er dine egne.<\/li>\r\n\r\n\r\n\r\n<li>Ingen alt for kommercielle tekster.<\/li>\r\n\r\n\r\n\r\n<li>En helt unik artikel;<\/li>\r\n\r\n\r\n\r\n<li>Helst med overskrifter og\/eller punktopstillinger i teksten.<\/li>\r\n\r\n\r\n\r\n<li>Maksimalt 2 udg\u00e5ende links til en hjemmeside (kan v\u00e6re do follow).<\/li>\r\n\r\n\r\n\r\n<li>Artikler skal v\u00e6re p\u00e5 mindst 400 ord;<\/li>\r\n<\/ul>\r\n\r\n\r\n\r\n<p>Hvis du er interesseret, s\u00e5 kontakt os for at diskutere mulighederne.<\/p>\r\n\r\n\r\n\r\n<h2 class=\"wp-block-heading\">Bannering<\/h2>\r\n\r\n\r\n\r\n<p>Det er muligt at placere et banner (det vil blive placeret p\u00e5 hver side\/besked). Da vi er en flersproget hjemmeside, kan dette ogs\u00e5 g\u00f8res p\u00e5 flere sprog.<\/p>\r\n\r\n\r\n\r\n<h2 class=\"wp-block-heading\">Samarbejde<\/h2>\r\n\r\n\r\n\r\n<p>Har du lyst til at samarbejde med os p\u00e5 en anden kreativ m\u00e5de? T\u00f8v ikke med at <a href=\"https:\/\/bloggertje.eu\/da\/kontakt\/\" target=\"_blank\" rel=\"noreferrer noopener nofollow\">kontakte<\/a> os!<\/p>\r\n","protected":false},"excerpt":{"rendered":"<p>Vil du gerne annoncere p\u00e5 en af de bedste blogs i Belgien? N\u00e6sten hver dag deler vores bloggere deres inspiration og information p\u00e5 bloggertje.eu. Vores hjemmeside rangerer godt i Google, og p\u00e5 grund af dette har vi opbygget en god tillid. Placer tekst Du kan give os en tekst, som vi kan l\u00e6gge p\u00e5 hjemmesiden. [&hellip;]<\/p>\n","protected":false},"author":1,"featured_media":0,"parent":0,"menu_order":0,"comment_status":"closed","ping_status":"closed","template":"","meta":{"footnotes":""},"class_list":["post-1422","page","type-page","status-publish"],"_links":{"self":[{"href":"https:\/\/bloggertje.eu\/da\/wp-json\/wp\/v2\/pages\/1422","targetHints":{"allow":["GET"]}}],"collection":[{"href":"https:\/\/bloggertje.eu\/da\/wp-json\/wp\/v2\/pages"}],"about":[{"href":"https:\/\/bloggertje.eu\/da\/wp-json\/wp\/v2\/types\/page"}],"author":[{"embeddable":true,"href":"https:\/\/bloggertje.eu\/da\/wp-json\/wp\/v2\/users\/1"}],"replies":[{"embeddable":true,"href":"https:\/\/bloggertje.eu\/da\/wp-json\/wp\/v2\/comments?post=1422"}],"version-history":[{"count":2,"href":"https:\/\/bloggertje.eu\/da\/wp-json\/wp\/v2\/pages\/1422\/revisions"}],"predecessor-version":[{"id":7340,"href":"https:\/\/bloggertje.eu\/da\/wp-json\/wp\/v2\/pages\/1422\/revisions\/7340"}],"wp:attachment":[{"href":"https:\/\/bloggertje.eu\/da\/wp-json\/wp\/v2\/media?parent=1422"}],"curies":[{"name":"wp","href":"https:\/\/api.w.org\/{rel}","templated":true}]}}