{"id":7300,"date":"2026-03-09T08:46:32","date_gmt":"2026-03-09T07:46:32","guid":{"rendered":"https:\/\/bloggertje.eu\/werbung\/"},"modified":"2024-04-16T10:46:22","modified_gmt":"2024-04-16T09:46:22","slug":"werbung","status":"publish","type":"page","link":"https:\/\/bloggertje.eu\/de-at\/werbung\/","title":{"rendered":"Werbung"},"content":{"rendered":"\r\n<p>M\u00f6chten Sie in einem der besten Blogs von Europa werben? Fast jeden Tag teilt unser Bloggerteam seine Inspiration und Informationen auf bloggertje.eu. Unsere Website schneidet bei Google gut ab und wir haben uns dadurch ein gutes Vertrauen aufgebaut.<\/p>\r\n\r\n\r\n\r\n<h2 class=\"wp-block-heading\">Text platzieren<\/h2>\r\n\r\n\r\n\r\n<p>Sie k\u00f6nnen uns einen Text zur Verf\u00fcgung stellen, den wir auf der Website ver\u00f6ffentlichen k\u00f6nnen. Diese Nachricht wird dauerhaft auf der Website bleiben.<\/p>\r\n\r\n\r\n\r\n<p>&nbsp;<\/p>\r\n\r\n\r\n\r\n<ul class=\"wp-block-list\">\r\n<li>Die von Ihnen eingereichten Fotos m\u00fcssen frei von Rechten sein oder den Nachweis erbringen, dass es sich um Ihre eigenen Fotos handelt.<\/li>\r\n\r\n\r\n\r\n<li>Keine \u00fcberm\u00e4\u00dfig kommerziellen Texte.<\/li>\r\n\r\n\r\n\r\n<li>Ein v\u00f6llig einzigartiger Artikel;<\/li>\r\n\r\n\r\n\r\n<li>Vorzugsweise mit \u00dcberschriften und\/oder Aufz\u00e4hlungspunkten im Text<\/li>\r\n\r\n\r\n\r\n<li>Maximal 2 ausgehende Links zu einer Website (k\u00f6nnen do follow sein)<\/li>\r\n\r\n\r\n\r\n<li>Die Artikel m\u00fcssen mindestens 400 W\u00f6rter umfassen;<\/li>\r\n<\/ul>\r\n\r\n\r\n\r\n<p>Bei Interesse nehmen Sie bitte Kontakt mit uns auf, um die M\u00f6glichkeiten zu besprechen.<\/p>\r\n\r\n\r\n\r\n<h2 class=\"wp-block-heading\">Bannering<\/h2>\r\n\r\n\r\n\r\n<p>Die Platzierung eines Banners ist m\u00f6glich (es wird auf jeder Seite\/Nachricht platziert). Da wir eine mehrsprachige Website sind, kann dies auch in mehreren Sprachen geschehen.<\/p>\r\n\r\n\r\n\r\n<h2 class=\"wp-block-heading\">Zusammenarbeit<\/h2>\r\n\r\n\r\n\r\n<p>M\u00f6chten Sie mit uns auf eine andere kreative Weise zusammenarbeiten? Bitte z\u00f6gern Sie nicht, uns <a href=\"https:\/\/bloggertje.eu\/de-at\/kontakt\/\" target=\"_blank\" rel=\"noreferrer noopener nofollow\">zu kontaktieren<\/a>!<\/p>\r\n","protected":false},"excerpt":{"rendered":"<p>M\u00f6chten Sie in einem der besten Blogs von Europa werben? Fast jeden Tag teilt unser Bloggerteam seine Inspiration und Informationen auf bloggertje.eu. Unsere Website schneidet bei Google gut ab und wir haben uns dadurch ein gutes Vertrauen aufgebaut. Text platzieren Sie k\u00f6nnen uns einen Text zur Verf\u00fcgung stellen, den wir auf der Website ver\u00f6ffentlichen k\u00f6nnen. [&hellip;]<\/p>\n","protected":false},"author":1,"featured_media":0,"parent":0,"menu_order":0,"comment_status":"closed","ping_status":"closed","template":"","meta":{"footnotes":""},"class_list":["post-7300","page","type-page","status-publish"],"_links":{"self":[{"href":"https:\/\/bloggertje.eu\/de-at\/wp-json\/wp\/v2\/pages\/7300","targetHints":{"allow":["GET"]}}],"collection":[{"href":"https:\/\/bloggertje.eu\/de-at\/wp-json\/wp\/v2\/pages"}],"about":[{"href":"https:\/\/bloggertje.eu\/de-at\/wp-json\/wp\/v2\/types\/page"}],"author":[{"embeddable":true,"href":"https:\/\/bloggertje.eu\/de-at\/wp-json\/wp\/v2\/users\/1"}],"replies":[{"embeddable":true,"href":"https:\/\/bloggertje.eu\/de-at\/wp-json\/wp\/v2\/comments?post=7300"}],"version-history":[{"count":3,"href":"https:\/\/bloggertje.eu\/de-at\/wp-json\/wp\/v2\/pages\/7300\/revisions"}],"predecessor-version":[{"id":7403,"href":"https:\/\/bloggertje.eu\/de-at\/wp-json\/wp\/v2\/pages\/7300\/revisions\/7403"}],"wp:attachment":[{"href":"https:\/\/bloggertje.eu\/de-at\/wp-json\/wp\/v2\/media?parent=7300"}],"curies":[{"name":"wp","href":"https:\/\/api.w.org\/{rel}","templated":true}]}}