{"id":7311,"date":"2026-03-09T09:11:24","date_gmt":"2026-03-09T08:11:24","guid":{"rendered":"https:\/\/bloggertje.eu\/tipps\/"},"modified":"2024-02-27T13:42:14","modified_gmt":"2024-02-27T12:42:14","slug":"tipps","status":"publish","type":"page","link":"https:\/\/bloggertje.eu\/de-ch\/tipps\/","title":{"rendered":"Tipps"},"content":{"rendered":"\n<p>Hier finden Sie einige interessante Tipps zu verschiedenen Themen (wir erneuern diese Liste regelm\u00e4\u00dfig)<\/p>\n\n<ol class=\"wp-block-list\">\n<li><strong>Produktivit\u00e4t: Priorit\u00e4ten setzen<\/strong><br\/>Beginnen Sie Ihren Tag, indem Sie eine Liste der wichtigsten Aufgaben erstellen, die Sie erledigen m\u00fcssen. Konzentrieren Sie sich zun\u00e4chst auf die Aufgaben mit der h\u00f6chsten Priorit\u00e4t und arbeiten Sie sich dann nach unten vor. Das hilft Ihnen, produktiv zu bleiben und Ihre Ziele zu erreichen.<br\/><\/li>\n\n\n\n<li><strong>Gesundheit: Fl\u00fcssigkeitszufuhr ist entscheidend<\/strong><br\/>Trinken Sie \u00fcber den Tag verteilt viel Wasser. Eine ausreichende Fl\u00fcssigkeitszufuhr unterst\u00fctzt nicht nur Ihre allgemeine Gesundheit, sondern kann auch Ihr Energieniveau und Ihre Konzentration verbessern.<br\/><\/li>\n\n\n\n<li><strong>Finanzen: Budgetierung<\/strong><br\/>Stellen Sie ein Budget auf und halten Sie es ein. Dies hilft Ihnen, Ihre finanziellen Ziele zu erreichen und stellt sicher, dass Sie Ihre Ausgaben im Blick haben.<br\/><\/li>\n\n\n\n<li><strong>Pers\u00f6nliche Entwicklung: jeden Tag lesen<\/strong><br\/>Lesen erweitert Ihren Horizont und Ihr Wissen. Versuchen Sie, sich jeden Tag etwas Zeit zum Lesen zu nehmen, sei es ein Buch, ein Artikel oder eine Nachricht.<br\/><\/li>\n\n\n\n<li><strong>Kreativit\u00e4t: die Routine durchbrechen<\/strong><br\/>Wenn Sie sich in einer kreativen Sackgasse befinden, sollten Sie Ihr Umfeld ver\u00e4ndern. Gehen Sie nach drau\u00dfen, nehmen Sie einen anderen Weg zur Arbeit, oder probieren Sie etwas Neues aus. Das Durchbrechen von Routinen kann Ihre Kreativit\u00e4t f\u00f6rdern.<br\/><\/li>\n\n\n\n<li><strong>Beziehungen: Aktiv zuh\u00f6ren<\/strong><br\/>Nehmen Sie sich bei Gespr\u00e4chen mit anderen die Zeit, wirklich zuzuh\u00f6ren. Zeigen Sie Interesse an dem, was sie sagen, und stellen Sie Folgefragen. Dies st\u00e4rkt die Beziehungen und f\u00fchrt zu einem tieferen Verst\u00e4ndnis.<br\/><\/li>\n\n\n\n<li><strong>Nachhaltigkeit: reduzieren, wiederverwenden, recyceln<\/strong><br\/>Tragen Sie durch bewussten Konsum zu einem nachhaltigeren Planeten bei. \u00dcberlegen Sie, wie sich Ihre Entscheidungen auf die Umwelt auswirken, und suchen Sie nach M\u00f6glichkeiten zur Abfallvermeidung.<br\/><\/li>\n\n\n\n<li><strong>Achtsamkeit: Atem\u00fcbungen<\/strong><br\/>Nehmen Sie sich regelm\u00e4\u00dfig Zeit, um tief durchzuatmen und sich auf Ihre Atmung zu konzentrieren. Das kann Stress abbauen und Ihnen helfen, im Moment zu bleiben.<br\/><\/li>\n\n\n\n<li><strong>Karriere: Networking ist entscheidend<\/strong><br\/>Investieren Sie in Ihr berufliches Netzwerk. Bauen Sie Beziehungen zu Kollegen, Mentoren und anderen Fachleuten auf. Networking kann T\u00fcren f\u00fcr neue Chancen und Wachstum \u00f6ffnen.<br\/><\/li>\n\n\n\n<li><strong>Gl\u00fcck: Dankbarkeit ausdr\u00fccken<\/strong><br\/>Nehmen Sie sich jeden Tag einen Moment Zeit, um dar\u00fcber nachzudenken, wof\u00fcr Sie dankbar sind. Das Ausdr\u00fccken von Dankbarkeit kann Ihr geistiges Wohlbefinden verbessern und eine positive Denkweise f\u00f6rdern.<\/li>\n<\/ol>\n\n<p>Versuchen Sie, diese Tipps in Ihr t\u00e4gliches Leben zu integrieren, und finden Sie heraus, welche davon f\u00fcr Sie am besten funktionieren!<\/p>\n","protected":false},"excerpt":{"rendered":"<p>Hier finden Sie einige interessante Tipps zu verschiedenen Themen (wir erneuern diese Liste regelm\u00e4\u00dfig) Versuchen Sie, diese Tipps in Ihr t\u00e4gliches Leben zu integrieren, und finden Sie heraus, welche davon f\u00fcr Sie am besten funktionieren!<\/p>\n","protected":false},"author":1,"featured_media":0,"parent":0,"menu_order":0,"comment_status":"closed","ping_status":"closed","template":"","meta":{"footnotes":""},"class_list":["post-7311","page","type-page","status-publish"],"_links":{"self":[{"href":"https:\/\/bloggertje.eu\/de-ch\/wp-json\/wp\/v2\/pages\/7311","targetHints":{"allow":["GET"]}}],"collection":[{"href":"https:\/\/bloggertje.eu\/de-ch\/wp-json\/wp\/v2\/pages"}],"about":[{"href":"https:\/\/bloggertje.eu\/de-ch\/wp-json\/wp\/v2\/types\/page"}],"author":[{"embeddable":true,"href":"https:\/\/bloggertje.eu\/de-ch\/wp-json\/wp\/v2\/users\/1"}],"replies":[{"embeddable":true,"href":"https:\/\/bloggertje.eu\/de-ch\/wp-json\/wp\/v2\/comments?post=7311"}],"version-history":[{"count":1,"href":"https:\/\/bloggertje.eu\/de-ch\/wp-json\/wp\/v2\/pages\/7311\/revisions"}],"predecessor-version":[{"id":7313,"href":"https:\/\/bloggertje.eu\/de-ch\/wp-json\/wp\/v2\/pages\/7311\/revisions\/7313"}],"wp:attachment":[{"href":"https:\/\/bloggertje.eu\/de-ch\/wp-json\/wp\/v2\/media?parent=7311"}],"curies":[{"name":"wp","href":"https:\/\/api.w.org\/{rel}","templated":true}]}}