{"id":1486,"date":"2026-03-09T09:05:52","date_gmt":"2026-03-09T08:05:52","guid":{"rendered":"https:\/\/bloggertje.eu\/quienes-somos\/"},"modified":"2024-02-27T13:40:33","modified_gmt":"2024-02-27T12:40:33","slug":"quienes-somos","status":"publish","type":"page","link":"https:\/\/bloggertje.eu\/es\/quienes-somos\/","title":{"rendered":"Qui\u00e9nes somos"},"content":{"rendered":"\n<p>Cada semana, nuestro equipo intenta publicar nuevas entradas interesantes en varias categor\u00edas.  <\/p>\n\n<p>Contamos con un equipo multiling\u00fce, cada uno con su especializaci\u00f3n.<\/p>\n\n<p>P\u00f3ngase en <a href=\"https:\/\/bloggertje.eu\/es\/pongase-en-contacto-con\/\">contacto<\/a> con nosotros a trav\u00e9s del <a href=\"https:\/\/bloggertje.eu\/es\/pongase-en-contacto-con\/\">formulario de contacto<\/a> si tiene alguna pregunta sobre nuestro sitio web o desea anunciarse o unirse a nuestro equipo para escribir.<\/p>\n","protected":false},"excerpt":{"rendered":"<p>Cada semana, nuestro equipo intenta publicar nuevas entradas interesantes en varias categor\u00edas. Contamos con un equipo multiling\u00fce, cada uno con su especializaci\u00f3n. P\u00f3ngase en contacto con nosotros a trav\u00e9s del formulario de contacto si tiene alguna pregunta sobre nuestro sitio web o desea anunciarse o unirse a nuestro equipo para escribir.<\/p>\n","protected":false},"author":1,"featured_media":0,"parent":0,"menu_order":0,"comment_status":"closed","ping_status":"closed","template":"","meta":{"footnotes":""},"class_list":["post-1486","page","type-page","status-publish"],"_links":{"self":[{"href":"https:\/\/bloggertje.eu\/es\/wp-json\/wp\/v2\/pages\/1486","targetHints":{"allow":["GET"]}}],"collection":[{"href":"https:\/\/bloggertje.eu\/es\/wp-json\/wp\/v2\/pages"}],"about":[{"href":"https:\/\/bloggertje.eu\/es\/wp-json\/wp\/v2\/types\/page"}],"author":[{"embeddable":true,"href":"https:\/\/bloggertje.eu\/es\/wp-json\/wp\/v2\/users\/1"}],"replies":[{"embeddable":true,"href":"https:\/\/bloggertje.eu\/es\/wp-json\/wp\/v2\/comments?post=1486"}],"version-history":[{"count":1,"href":"https:\/\/bloggertje.eu\/es\/wp-json\/wp\/v2\/pages\/1486\/revisions"}],"predecessor-version":[{"id":7120,"href":"https:\/\/bloggertje.eu\/es\/wp-json\/wp\/v2\/pages\/1486\/revisions\/7120"}],"wp:attachment":[{"href":"https:\/\/bloggertje.eu\/es\/wp-json\/wp\/v2\/media?parent=1486"}],"curies":[{"name":"wp","href":"https:\/\/api.w.org\/{rel}","templated":true}]}}