{"id":1451,"date":"2026-03-08T09:11:24","date_gmt":"2026-03-08T08:11:24","guid":{"rendered":"https:\/\/bloggertje.eu\/vinkkeja\/"},"modified":"2024-02-27T13:42:12","modified_gmt":"2024-02-27T12:42:12","slug":"vinkkeja","status":"publish","type":"page","link":"https:\/\/bloggertje.eu\/fi\/vinkkeja\/","title":{"rendered":"Vinkkej\u00e4"},"content":{"rendered":"\n<p>T\u00e4ss\u00e4 on muutamia mielenkiintoisia vinkkej\u00e4 eri aiheista (p\u00e4ivit\u00e4mme t\u00e4t\u00e4 listaa s\u00e4\u00e4nn\u00f6llisesti).<\/p>\n\n<ol class=\"wp-block-list\">\n<li><strong>Tuottavuus: priorisointi<\/strong><br\/>Aloita p\u00e4iv\u00e4si tekem\u00e4ll\u00e4 luettelo t\u00e4rkeimmist\u00e4 teht\u00e4vist\u00e4, jotka sinun on saatava valmiiksi. Keskity ensin kaikkein t\u00e4rkeimpiin teht\u00e4viin ja laske sitten teht\u00e4vi\u00e4. T\u00e4m\u00e4 auttaa sinua pysym\u00e4\u00e4n tuottavana ja saavuttamaan tavoitteesi.<br\/><\/li>\n\n\n\n<li><strong>Terveys: Kosteus on avainasemassa<\/strong><br\/>Juo runsaasti vett\u00e4 koko p\u00e4iv\u00e4n ajan. Riitt\u00e4v\u00e4 nesteytys ei ainoastaan tue yleist\u00e4 terveytt\u00e4si, vaan se voi my\u00f6s parantaa energiatasoa ja keskittymiskyky\u00e4si.<br\/><\/li>\n\n\n\n<li><strong>Rahoitus: budjetointi<\/strong><br\/>Tee budjetti ja pid\u00e4 siit\u00e4 kiinni. T\u00e4m\u00e4 auttaa sinua saavuttamaan taloudelliset tavoitteesi ja varmistaa, ett\u00e4 olet tietoinen menoistasi.<br\/><\/li>\n\n\n\n<li><strong>Henkil\u00f6kohtainen kehitys: lue joka p\u00e4iv\u00e4<\/strong><br\/>Lukeminen laajentaa n\u00e4k\u00f6aloja ja tiet\u00e4myst\u00e4. Yrit\u00e4 varata joka p\u00e4iv\u00e4 aikaa lukemiseen, olipa kyse sitten kirjoista, artikkeleista tai uutisista.<br\/><\/li>\n\n\n\n<li><strong>Luovuus: rikkoa rutiini<\/strong><br\/>Jos olet juuttunut luovaan umpikujaan, muuta ymp\u00e4rist\u00f6\u00e4si. Mene ulos, kulje eri reitti\u00e4 t\u00f6ihin tai kokeile jotain uutta. Rutiinien rikkominen voi lis\u00e4t\u00e4 luovuuttasi.<br\/><\/li>\n\n\n\n<li><strong>Suhteet: Kuuntele aktiivisesti<\/strong><br\/>Kun keskustelet muiden kanssa, k\u00e4yt\u00e4 aikaa kuunnella. Osoita kiinnostusta siihen, mit\u00e4 he sanovat, ja esit\u00e4 jatkokysymyksi\u00e4. T\u00e4m\u00e4 vahvistaa suhteita ja rakentaa syvemp\u00e4\u00e4 ymm\u00e4rryst\u00e4.<br\/><\/li>\n\n\n\n<li><strong>Kest\u00e4v\u00e4 kehitys: V\u00e4henn\u00e4, k\u00e4yt\u00e4 ja kierr\u00e4t\u00e4.<\/strong><br\/>Edist\u00e4 kest\u00e4v\u00e4mp\u00e4\u00e4 maapalloa kuluttamalla tietoisesti. Mieti valintojesi vaikutusta ymp\u00e4rist\u00f6\u00f6n ja etsi tapoja v\u00e4hent\u00e4\u00e4 j\u00e4tett\u00e4.<br\/><\/li>\n\n\n\n<li><strong>Mindfulness: hengitysharjoitukset<\/strong><br\/>Hengit\u00e4 s\u00e4\u00e4nn\u00f6llisesti syv\u00e4\u00e4n ja keskity hengitt\u00e4miseen. T\u00e4m\u00e4 voi v\u00e4hent\u00e4\u00e4 stressi\u00e4 ja auttaa sinua pysym\u00e4\u00e4n hetkess\u00e4.<br\/><\/li>\n\n\n\n<li><strong>Ura: Verkostoituminen on ratkaisevan t\u00e4rke\u00e4\u00e4<\/strong><br\/>Investoi ammatilliseen verkostoosi. Luo suhteita kollegoihin, mentoreihin ja muihin alallasi toimiviin henkil\u00f6ihin. Verkostoituminen voi avata ovia uusille mahdollisuuksille ja kasvulle.<br\/><\/li>\n\n\n\n<li><strong>Onnellisuus: kiitollisuuden ilmaiseminen<\/strong><br\/>Mieti joka p\u00e4iv\u00e4 hetki, mist\u00e4 olet kiitollinen. Kiitollisuuden ilmaiseminen voi parantaa henkist\u00e4 hyvinvointia ja edist\u00e4\u00e4 positiivista ajattelutapaa.<\/li>\n<\/ol>\n\n<p>Kokeile sis\u00e4llytt\u00e4\u00e4 n\u00e4m\u00e4 vinkit jokap\u00e4iv\u00e4iseen el\u00e4m\u00e4\u00e4si ja selvit\u00e4, mitk\u00e4 niist\u00e4 sopivat sinulle parhaiten!<\/p>\n","protected":false},"excerpt":{"rendered":"<p>T\u00e4ss\u00e4 on muutamia mielenkiintoisia vinkkej\u00e4 eri aiheista (p\u00e4ivit\u00e4mme t\u00e4t\u00e4 listaa s\u00e4\u00e4nn\u00f6llisesti). Kokeile sis\u00e4llytt\u00e4\u00e4 n\u00e4m\u00e4 vinkit jokap\u00e4iv\u00e4iseen el\u00e4m\u00e4\u00e4si ja selvit\u00e4, mitk\u00e4 niist\u00e4 sopivat sinulle parhaiten!<\/p>\n","protected":false},"author":1,"featured_media":0,"parent":0,"menu_order":0,"comment_status":"closed","ping_status":"closed","template":"","meta":{"footnotes":""},"class_list":["post-1451","page","type-page","status-publish"],"_links":{"self":[{"href":"https:\/\/bloggertje.eu\/fi\/wp-json\/wp\/v2\/pages\/1451","targetHints":{"allow":["GET"]}}],"collection":[{"href":"https:\/\/bloggertje.eu\/fi\/wp-json\/wp\/v2\/pages"}],"about":[{"href":"https:\/\/bloggertje.eu\/fi\/wp-json\/wp\/v2\/types\/page"}],"author":[{"embeddable":true,"href":"https:\/\/bloggertje.eu\/fi\/wp-json\/wp\/v2\/users\/1"}],"replies":[{"embeddable":true,"href":"https:\/\/bloggertje.eu\/fi\/wp-json\/wp\/v2\/comments?post=1451"}],"version-history":[{"count":1,"href":"https:\/\/bloggertje.eu\/fi\/wp-json\/wp\/v2\/pages\/1451\/revisions"}],"predecessor-version":[{"id":7176,"href":"https:\/\/bloggertje.eu\/fi\/wp-json\/wp\/v2\/pages\/1451\/revisions\/7176"}],"wp:attachment":[{"href":"https:\/\/bloggertje.eu\/fi\/wp-json\/wp\/v2\/media?parent=1451"}],"curies":[{"name":"wp","href":"https:\/\/api.w.org\/{rel}","templated":true}]}}