{"id":1430,"date":"2026-03-09T08:46:32","date_gmt":"2026-03-09T07:46:32","guid":{"rendered":"https:\/\/bloggertje.eu\/publicite\/"},"modified":"2024-04-16T10:45:36","modified_gmt":"2024-04-16T09:45:36","slug":"publicite","status":"publish","type":"page","link":"https:\/\/bloggertje.eu\/fr\/publicite\/","title":{"rendered":"Publicit\u00e9"},"content":{"rendered":"\r\n<p>Vous souhaitez faire de la publicit\u00e9 sur l&rsquo;un des meilleurs blogs de l&rsquo;Europe ? Presque chaque jour, notre \u00e9quipe de blogueurs partage son inspiration et ses informations sur bloggertje.eu. Notre site web est bien class\u00e9 dans Google, ce qui nous a permis d&rsquo;\u00e9tablir une bonne relation de confiance.<\/p>\r\n\r\n\r\n\r\n<h2 class=\"wp-block-heading\">Placer le texte<\/h2>\r\n\r\n\r\n\r\n<p>Vous pouvez nous fournir un texte que nous mettrons sur le site web. Ce message restera en permanence sur le site web.<\/p>\r\n\r\n\r\n\r\n<p>&nbsp;<\/p>\r\n\r\n\r\n\r\n<ul class=\"wp-block-list\">\r\n<li>Les photos que vous soumettez doivent \u00eatre libres de droits ou prouver qu&rsquo;elles vous appartiennent.<\/li>\r\n\r\n\r\n\r\n<li>Pas de paroles trop commerciales.<\/li>\r\n\r\n\r\n\r\n<li>Un article tout \u00e0 fait unique ;<\/li>\r\n\r\n\r\n\r\n<li>De pr\u00e9f\u00e9rence avec des titres et\/ou des puces dans le texte.<\/li>\r\n\r\n\r\n\r\n<li>Maximum 2 liens sortants vers un site web (peut \u00eatre do follow)<\/li>\r\n\r\n\r\n\r\n<li>Les articles doivent comporter au moins 400 mots ;<\/li>\r\n<\/ul>\r\n\r\n\r\n\r\n<p>Si vous \u00eates int\u00e9ress\u00e9, n&rsquo;h\u00e9sitez pas \u00e0 nous contacter pour discuter des possibilit\u00e9s.<\/p>\r\n\r\n\r\n\r\n<h2 class=\"wp-block-heading\">Banni\u00e8re<\/h2>\r\n\r\n\r\n\r\n<p>Il est possible de placer une banni\u00e8re (elle sera plac\u00e9e sur chaque page\/message). Comme nous sommes un site web multilingue, cela peut \u00e9galement se faire dans plusieurs langues.<\/p>\r\n\r\n\r\n\r\n<h2 class=\"wp-block-heading\">Collaboration<\/h2>\r\n\r\n\r\n\r\n<p>Souhaitez-vous collaborer avec nous d&rsquo;une autre mani\u00e8re cr\u00e9ative ? N&rsquo;h\u00e9sitez pas \u00e0 nous <a href=\"http:\/\/contact\" target=\"_blank\" rel=\"noreferrer noopener nofollow\">contacter<\/a>!<\/p>\r\n","protected":false},"excerpt":{"rendered":"<p>Vous souhaitez faire de la publicit\u00e9 sur l&rsquo;un des meilleurs blogs de l&rsquo;Europe ? Presque chaque jour, notre \u00e9quipe de blogueurs partage son inspiration et ses informations sur bloggertje.eu. Notre site web est bien class\u00e9 dans Google, ce qui nous a permis d&rsquo;\u00e9tablir une bonne relation de confiance. Placer le texte Vous pouvez nous fournir [&hellip;]<\/p>\n","protected":false},"author":1,"featured_media":0,"parent":0,"menu_order":0,"comment_status":"closed","ping_status":"closed","template":"","meta":{"footnotes":""},"class_list":["post-1430","page","type-page","status-publish"],"_links":{"self":[{"href":"https:\/\/bloggertje.eu\/fr\/wp-json\/wp\/v2\/pages\/1430","targetHints":{"allow":["GET"]}}],"collection":[{"href":"https:\/\/bloggertje.eu\/fr\/wp-json\/wp\/v2\/pages"}],"about":[{"href":"https:\/\/bloggertje.eu\/fr\/wp-json\/wp\/v2\/types\/page"}],"author":[{"embeddable":true,"href":"https:\/\/bloggertje.eu\/fr\/wp-json\/wp\/v2\/users\/1"}],"replies":[{"embeddable":true,"href":"https:\/\/bloggertje.eu\/fr\/wp-json\/wp\/v2\/comments?post=1430"}],"version-history":[{"count":2,"href":"https:\/\/bloggertje.eu\/fr\/wp-json\/wp\/v2\/pages\/1430\/revisions"}],"predecessor-version":[{"id":7402,"href":"https:\/\/bloggertje.eu\/fr\/wp-json\/wp\/v2\/pages\/1430\/revisions\/7402"}],"wp:attachment":[{"href":"https:\/\/bloggertje.eu\/fr\/wp-json\/wp\/v2\/media?parent=1430"}],"curies":[{"name":"wp","href":"https:\/\/api.w.org\/{rel}","templated":true}]}}