{"id":1524,"date":"2026-03-09T09:19:30","date_gmt":"2026-03-09T08:19:30","guid":{"rendered":"https:\/\/bloggertje.eu\/conditions-generales-dutilisation\/"},"modified":"2024-02-27T13:34:06","modified_gmt":"2024-02-27T12:34:06","slug":"conditions-generales-dutilisation","status":"publish","type":"page","link":"https:\/\/bloggertje.eu\/fr\/conditions-generales-dutilisation\/","title":{"rendered":"Conditions g\u00e9n\u00e9rales d&rsquo;utilisation"},"content":{"rendered":"\n<p><strong>CONDITIONS G\u00c9N\u00c9RALES SITE WEB<\/strong><\/p>\n\n<p><em>Derni\u00e8re mise \u00e0 jour le<\/em> 23\/11\/2023<\/p>\n\n<p><strong>1. L&rsquo;applicabilit\u00e9<\/strong><\/p>\n\n<p>1.1 Les pr\u00e9sentes conditions g\u00e9n\u00e9rales s&rsquo;appliquent \u00e0 l&rsquo;utilisation du site web [jouwwebsite .nl], ci-apr\u00e8s d\u00e9nomm\u00e9 le \u00ab\u00a0site web\u00a0\u00bb.<\/p>\n\n<p><strong>2. Acc\u00e8s au site web<\/strong><\/p>\n\n<p>2.1 L&rsquo;acc\u00e8s et l&rsquo;utilisation du site web sont soumis aux pr\u00e9sentes conditions g\u00e9n\u00e9rales, ainsi qu&rsquo;\u00e0 toutes les lois et r\u00e9glementations applicables.<\/p>\n\n<p>2.2 Le propri\u00e9taire du site web se r\u00e9serve le droit de modifier, de suspendre ou de supprimer l&rsquo;acc\u00e8s au site web \u00e0 tout moment et sans pr\u00e9avis.<\/p>\n\n<p><strong>3. Propri\u00e9t\u00e9 intellectuelle<\/strong><\/p>\n\n<p>3.1 Tout le contenu du site web, y compris, mais sans s&rsquo;y limiter, les textes, les images, les logos et les logiciels, est la propri\u00e9t\u00e9 du propri\u00e9taire du site web et est prot\u00e9g\u00e9 par des droits de propri\u00e9t\u00e9 intellectuelle.<\/p>\n\n<p>3.2 Il est interdit de copier, reproduire, distribuer ou utiliser de quelque mani\u00e8re que ce soit le contenu du site web sans l&rsquo;accord \u00e9crit pr\u00e9alable du propri\u00e9taire.<\/p>\n\n<p><strong>4. Comportement de l&rsquo;utilisateur<\/strong><\/p>\n\n<p>4.1 Les utilisateurs du site web s&rsquo;engagent \u00e0 ne pas utiliser le site web \u00e0 des fins ill\u00e9gales ou nuisibles et \u00e0 respecter toutes les lois et r\u00e9glementations applicables.<\/p>\n\n<p>4.2 Il est interdit d&rsquo;utiliser le site web pour diffuser des communications commerciales non sollicit\u00e9es (spam).<\/p>\n\n<p><strong>5. Politique de protection de la vie priv\u00e9e<\/strong><\/p>\n\n<p>5.1 La politique de confidentialit\u00e9 du site web est disponible \u00e0 l&rsquo;adresse suivante : [link naar privacybeleid]. En utilisant le site web, l&rsquo;utilisateur accepte la politique de confidentialit\u00e9.<\/p>\n\n<p><strong>6. Responsabilit\u00e9<\/strong><\/p>\n\n<p>6.1 Le propri\u00e9taire du site web ne peut \u00eatre tenu responsable des dommages directs ou indirects r\u00e9sultant de l&rsquo;utilisation du site web.<\/p>\n\n<p>6.2 Le site web peut contenir des liens vers des sites web externes. Le propri\u00e9taire du site n&rsquo;est pas responsable du contenu ou des politiques de confidentialit\u00e9 de ces sites externes.<\/p>\n\n<p><strong>7. Modifications des conditions g\u00e9n\u00e9rales<\/strong><\/p>\n\n<p>7.1 Le propri\u00e9taire du site web se r\u00e9serve le droit de modifier les pr\u00e9sentes conditions g\u00e9n\u00e9rales \u00e0 tout moment. Il est conseill\u00e9 aux utilisateurs de v\u00e9rifier r\u00e9guli\u00e8rement si les conditions g\u00e9n\u00e9rales ont \u00e9t\u00e9 modifi\u00e9es.<\/p>\n\n<p>En utilisant le site web, l&rsquo;utilisateur accepte les pr\u00e9sentes conditions g\u00e9n\u00e9rales.<\/p>\n","protected":false},"excerpt":{"rendered":"<p>CONDITIONS G\u00c9N\u00c9RALES SITE WEB Derni\u00e8re mise \u00e0 jour le 23\/11\/2023 1. L&rsquo;applicabilit\u00e9 1.1 Les pr\u00e9sentes conditions g\u00e9n\u00e9rales s&rsquo;appliquent \u00e0 l&rsquo;utilisation du site web [jouwwebsite .nl], ci-apr\u00e8s d\u00e9nomm\u00e9 le \u00ab\u00a0site web\u00a0\u00bb. 2. Acc\u00e8s au site web 2.1 L&rsquo;acc\u00e8s et l&rsquo;utilisation du site web sont soumis aux pr\u00e9sentes conditions g\u00e9n\u00e9rales, ainsi qu&rsquo;\u00e0 toutes les lois et r\u00e9glementations [&hellip;]<\/p>\n","protected":false},"author":1,"featured_media":0,"parent":0,"menu_order":0,"comment_status":"closed","ping_status":"closed","template":"","meta":{"footnotes":""},"class_list":["post-1524","page","type-page","status-publish"],"_links":{"self":[{"href":"https:\/\/bloggertje.eu\/fr\/wp-json\/wp\/v2\/pages\/1524","targetHints":{"allow":["GET"]}}],"collection":[{"href":"https:\/\/bloggertje.eu\/fr\/wp-json\/wp\/v2\/pages"}],"about":[{"href":"https:\/\/bloggertje.eu\/fr\/wp-json\/wp\/v2\/types\/page"}],"author":[{"embeddable":true,"href":"https:\/\/bloggertje.eu\/fr\/wp-json\/wp\/v2\/users\/1"}],"replies":[{"embeddable":true,"href":"https:\/\/bloggertje.eu\/fr\/wp-json\/wp\/v2\/comments?post=1524"}],"version-history":[{"count":1,"href":"https:\/\/bloggertje.eu\/fr\/wp-json\/wp\/v2\/pages\/1524\/revisions"}],"predecessor-version":[{"id":7163,"href":"https:\/\/bloggertje.eu\/fr\/wp-json\/wp\/v2\/pages\/1524\/revisions\/7163"}],"wp:attachment":[{"href":"https:\/\/bloggertje.eu\/fr\/wp-json\/wp\/v2\/media?parent=1524"}],"curies":[{"name":"wp","href":"https:\/\/api.w.org\/{rel}","templated":true}]}}