{"id":1434,"date":"2026-03-09T08:46:32","date_gmt":"2026-03-09T07:46:32","guid":{"rendered":"https:\/\/bloggertje.eu\/pubblicita\/"},"modified":"2024-04-16T10:48:16","modified_gmt":"2024-04-16T09:48:16","slug":"pubblicita","status":"publish","type":"page","link":"https:\/\/bloggertje.eu\/it\/pubblicita\/","title":{"rendered":"Pubblicit\u00e0"},"content":{"rendered":"\r\n<p>Volete fare pubblicit\u00e0 su uno dei migliori blog dell&#8217;Europa? Quasi ogni giorno, il nostro team di blogger condivide le proprie ispirazioni e informazioni su bloggertje.eu. Il nostro sito web si posiziona bene su Google e per questo abbiamo costruito una buona fiducia.<\/p>\r\n\r\n\r\n\r\n<h2 class=\"wp-block-heading\">Testo del luogo<\/h2>\r\n\r\n\r\n\r\n<p>Potete fornirci un testo da inserire nel sito web. Questo messaggio rimarr\u00e0 sul sito web in modo permanente.<\/p>\r\n\r\n\r\n\r\n<p>&nbsp;<\/p>\r\n\r\n\r\n\r\n<ul class=\"wp-block-list\">\r\n<li>Le foto inviate devono essere prive di diritti o di prove che ne attestino la paternit\u00e0.<\/li>\r\n\r\n\r\n\r\n<li>Nessun testo eccessivamente commerciale.<\/li>\r\n\r\n\r\n\r\n<li>Un articolo assolutamente unico;<\/li>\r\n\r\n\r\n\r\n<li>preferibilmente con titoli e\/o punti elenco nel testo<\/li>\r\n\r\n\r\n\r\n<li>Massimo 2 link in uscita verso un sito web (possono essere do follow).<\/li>\r\n\r\n\r\n\r\n<li>Gli articoli devono essere di almeno 400 parole;<\/li>\r\n<\/ul>\r\n\r\n\r\n\r\n<p>Se siete interessati, contattateci per discutere le possibilit\u00e0.<\/p>\r\n\r\n\r\n\r\n<h2 class=\"wp-block-heading\">Convogliamento<\/h2>\r\n\r\n\r\n\r\n<p>\u00c8 possibile inserire un banner (verr\u00e0 inserito in ogni pagina\/messaggio). Poich\u00e9 siamo un sito web multilingue, questo pu\u00f2 essere fatto anche in pi\u00f9 lingue.<\/p>\r\n\r\n\r\n\r\n<h2 class=\"wp-block-heading\">Collaborazione<\/h2>\r\n\r\n\r\n\r\n<p>Volete collaborare con noi in un altro modo creativo? Non esitate a <a href=\"https:\/\/bloggertje.eu\/it\/contatto\/\" target=\"_blank\" rel=\"noreferrer noopener nofollow\">contattarci<\/a>!<\/p>\r\n","protected":false},"excerpt":{"rendered":"<p>Volete fare pubblicit\u00e0 su uno dei migliori blog dell&#8217;Europa? Quasi ogni giorno, il nostro team di blogger condivide le proprie ispirazioni e informazioni su bloggertje.eu. Il nostro sito web si posiziona bene su Google e per questo abbiamo costruito una buona fiducia. Testo del luogo Potete fornirci un testo da inserire nel sito web. Questo [&hellip;]<\/p>\n","protected":false},"author":1,"featured_media":0,"parent":0,"menu_order":0,"comment_status":"closed","ping_status":"closed","template":"","meta":{"footnotes":""},"class_list":["post-1434","page","type-page","status-publish"],"_links":{"self":[{"href":"https:\/\/bloggertje.eu\/it\/wp-json\/wp\/v2\/pages\/1434","targetHints":{"allow":["GET"]}}],"collection":[{"href":"https:\/\/bloggertje.eu\/it\/wp-json\/wp\/v2\/pages"}],"about":[{"href":"https:\/\/bloggertje.eu\/it\/wp-json\/wp\/v2\/types\/page"}],"author":[{"embeddable":true,"href":"https:\/\/bloggertje.eu\/it\/wp-json\/wp\/v2\/users\/1"}],"replies":[{"embeddable":true,"href":"https:\/\/bloggertje.eu\/it\/wp-json\/wp\/v2\/comments?post=1434"}],"version-history":[{"count":3,"href":"https:\/\/bloggertje.eu\/it\/wp-json\/wp\/v2\/pages\/1434\/revisions"}],"predecessor-version":[{"id":7406,"href":"https:\/\/bloggertje.eu\/it\/wp-json\/wp\/v2\/pages\/1434\/revisions\/7406"}],"wp:attachment":[{"href":"https:\/\/bloggertje.eu\/it\/wp-json\/wp\/v2\/media?parent=1434"}],"curies":[{"name":"wp","href":"https:\/\/api.w.org\/{rel}","templated":true}]}}