{"id":1454,"date":"2026-03-09T09:11:24","date_gmt":"2026-03-09T08:11:24","guid":{"rendered":"https:\/\/bloggertje.eu\/suggerimenti\/"},"modified":"2024-02-27T13:42:12","modified_gmt":"2024-02-27T12:42:12","slug":"suggerimenti","status":"publish","type":"page","link":"https:\/\/bloggertje.eu\/it\/suggerimenti\/","title":{"rendered":"Suggerimenti"},"content":{"rendered":"\n<p>Ecco alcuni suggerimenti interessanti su vari argomenti (aggiorniamo questo elenco regolarmente)<\/p>\n\n<ol class=\"wp-block-list\">\n<li><strong>Produttivit\u00e0: stabilire le priorit\u00e0<\/strong><br\/>Iniziate la giornata facendo un elenco dei compiti pi\u00f9 importanti da portare a termine. Concentratevi prima sulle attivit\u00e0 a pi\u00f9 alta priorit\u00e0 e poi scendete. Questo vi aiuter\u00e0 a rimanere produttivi e a raggiungere i vostri obiettivi.<br\/><\/li>\n\n\n\n<li><strong>Salute: l&#8217;idratazione \u00e8 fondamentale<\/strong><br\/>Bevete molta acqua durante la giornata. Una sufficiente idratazione non solo favorisce la salute generale, ma pu\u00f2 anche migliorare i livelli di energia e di concentrazione.<br\/><\/li>\n\n\n\n<li><strong>Finanza: budgeting<\/strong><br\/>Stabilite un budget e rispettatelo. Questo vi aiuter\u00e0 a raggiungere i vostri obiettivi finanziari e a essere consapevoli delle vostre spese.<br\/><\/li>\n\n\n\n<li><strong>Sviluppo personale: leggere ogni giorno<\/strong><br\/>La lettura allarga gli orizzonti e amplia le conoscenze. Cercate di dedicare ogni giorno un po&#8217; di tempo alla lettura, che si tratti di libri, articoli o notizie.<br\/><\/li>\n\n\n\n<li><strong>Creativit\u00e0: rompere la routine<\/strong><br\/>Se siete bloccati in un&#8217;impasse creativa, cambiate ambiente. Uscire all&#8217;aperto, prendere una strada diversa per andare al lavoro o provare qualcosa di nuovo. Rompere le routine pu\u00f2 stimolare la creativit\u00e0.<br\/><\/li>\n\n\n\n<li><strong>Relazioni: Ascoltare attivamente<\/strong><br\/>Durante le conversazioni con gli altri, prendetevi del tempo per ascoltare davvero. Mostrate interesse per ci\u00f2 che dicono e fate domande di approfondimento. Questo rafforza le relazioni e costruisce una comprensione pi\u00f9 profonda.<br\/><\/li>\n\n\n\n<li><strong>Sostenibilit\u00e0: ridurre, riutilizzare, riciclare<\/strong><br\/>Contribuire a un pianeta pi\u00f9 sostenibile consumando in modo consapevole. Pensate all&#8217;impatto delle vostre scelte sull&#8217;ambiente e trovate il modo di ridurre gli sprechi.<br\/><\/li>\n\n\n\n<li><strong>Mindfulness: esercizi di respirazione<\/strong><br\/>Prendetevi regolarmente del tempo per fare un respiro profondo e concentrarvi sulla respirazione. Questo pu\u00f2 ridurre lo stress e aiutarvi a rimanere nel momento.<br\/><\/li>\n\n\n\n<li><strong>Carriera: il networking \u00e8 fondamentale<\/strong><br\/>Investite nella vostra rete professionale. Costruire relazioni con colleghi, mentori e altri operatori del settore. Il networking pu\u00f2 aprire le porte a nuove opportunit\u00e0 e alla crescita.<br\/><\/li>\n\n\n\n<li><strong>Felicit\u00e0: esprimere gratitudine<\/strong><br\/>Prendetevi un momento ogni giorno per riflettere su ci\u00f2 per cui siete grati. Esprimere gratitudine pu\u00f2 migliorare il benessere mentale e promuovere una mentalit\u00e0 positiva.<\/li>\n<\/ol>\n\n<p>Provate a incorporare questi consigli nella vostra vita quotidiana e scoprite quali sono i pi\u00f9 adatti a voi!<\/p>\n","protected":false},"excerpt":{"rendered":"<p>Ecco alcuni suggerimenti interessanti su vari argomenti (aggiorniamo questo elenco regolarmente) Provate a incorporare questi consigli nella vostra vita quotidiana e scoprite quali sono i pi\u00f9 adatti a voi!<\/p>\n","protected":false},"author":1,"featured_media":0,"parent":0,"menu_order":0,"comment_status":"closed","ping_status":"closed","template":"","meta":{"footnotes":""},"class_list":["post-1454","page","type-page","status-publish"],"_links":{"self":[{"href":"https:\/\/bloggertje.eu\/it\/wp-json\/wp\/v2\/pages\/1454","targetHints":{"allow":["GET"]}}],"collection":[{"href":"https:\/\/bloggertje.eu\/it\/wp-json\/wp\/v2\/pages"}],"about":[{"href":"https:\/\/bloggertje.eu\/it\/wp-json\/wp\/v2\/types\/page"}],"author":[{"embeddable":true,"href":"https:\/\/bloggertje.eu\/it\/wp-json\/wp\/v2\/users\/1"}],"replies":[{"embeddable":true,"href":"https:\/\/bloggertje.eu\/it\/wp-json\/wp\/v2\/comments?post=1454"}],"version-history":[{"count":1,"href":"https:\/\/bloggertje.eu\/it\/wp-json\/wp\/v2\/pages\/1454\/revisions"}],"predecessor-version":[{"id":7177,"href":"https:\/\/bloggertje.eu\/it\/wp-json\/wp\/v2\/pages\/1454\/revisions\/7177"}],"wp:attachment":[{"href":"https:\/\/bloggertje.eu\/it\/wp-json\/wp\/v2\/media?parent=1454"}],"curies":[{"name":"wp","href":"https:\/\/api.w.org\/{rel}","templated":true}]}}