{"id":1445,"date":"2026-03-12T09:11:24","date_gmt":"2026-03-12T08:11:24","guid":{"rendered":"https:\/\/bloggertje.eu\/tips\/"},"modified":"2024-02-27T13:42:11","modified_gmt":"2024-02-27T12:42:11","slug":"tips","status":"publish","type":"page","link":"https:\/\/bloggertje.eu\/sv\/tips\/","title":{"rendered":"Tips"},"content":{"rendered":"\n<p>H\u00e4r \u00e4r n\u00e5gra intressanta tips om olika \u00e4mnen (vi uppdaterar denna lista regelbundet)<\/p>\n\n<ol class=\"wp-block-list\">\n<li><strong>Produktivitet: prioritering<\/strong><br\/>B\u00f6rja dagen med att g\u00f6ra en lista \u00f6ver de viktigaste uppgifterna som du beh\u00f6ver slutf\u00f6ra. Fokusera p\u00e5 de h\u00f6gst prioriterade uppgifterna f\u00f6rst och arbeta dig sedan ned\u00e5t. Det hj\u00e4lper dig att vara produktiv och uppn\u00e5 dina m\u00e5l.<br\/><\/li>\n\n\n\n<li><strong>H\u00e4lsa: V\u00e4tskebalansen \u00e4r avg\u00f6rande<\/strong><br\/>Drick rikligt med vatten under hela dagen. Tillr\u00e4ckligt med v\u00e4tska fr\u00e4mjar inte bara din allm\u00e4nna h\u00e4lsa, utan kan ocks\u00e5 f\u00f6rb\u00e4ttra din energiniv\u00e5 och koncentration.<br\/><\/li>\n\n\n\n<li><strong>Ekonomi: budgetering<\/strong><br\/>G\u00f6r en budget och h\u00e5ll dig till den. Det hj\u00e4lper dig att uppn\u00e5 dina finansiella m\u00e5l och s\u00e4kerst\u00e4ller att du \u00e4r medveten om dina utgifter.<br\/><\/li>\n\n\n\n<li><strong>Personlig utveckling: l\u00e4s varje dag<\/strong><br\/>L\u00e4sning vidgar dina vyer och ut\u00f6kar dina kunskaper. F\u00f6rs\u00f6k att avs\u00e4tta lite tid varje dag f\u00f6r att l\u00e4sa, oavsett om det \u00e4r b\u00f6cker, artiklar eller nyheter.<br\/><\/li>\n\n\n\n<li><strong>Kreativitet: bryt rutinerna<\/strong><br\/>Om du har fastnat i ett kreativt d\u00f6dl\u00e4ge, \u00e4ndra din milj\u00f6. G\u00e5 ut, ta en annan v\u00e4g till jobbet eller prova n\u00e5got nytt. Att bryta rutiner kan stimulera din kreativitet.<br\/><\/li>\n\n\n\n<li><strong>Relationer: Lyssna aktivt<\/strong><br\/>N\u00e4r du pratar med andra, ta dig tid att verkligen lyssna. Visa intresse f\u00f6r vad de s\u00e4ger och st\u00e4ll f\u00f6ljdfr\u00e5gor. Detta st\u00e4rker relationerna och skapar en djupare f\u00f6rst\u00e5else.<br\/><\/li>\n\n\n\n<li><strong>H\u00e5llbarhet: Minska, \u00e5teranv\u00e4nd, \u00e5tervinn<\/strong><br\/>Bidra till en mer h\u00e5llbar planet genom att konsumera medvetet. T\u00e4nk p\u00e5 hur dina val p\u00e5verkar milj\u00f6n och hitta s\u00e4tt att minska avfallet.<br\/><\/li>\n\n\n\n<li><strong>Mindfulness: andnings\u00f6vningar<\/strong><br\/>Ta regelbundet ett djupt andetag och fokusera p\u00e5 din andning. Detta kan minska stress och hj\u00e4lpa dig att stanna kvar i \u00f6gonblicket.<br\/><\/li>\n\n\n\n<li><strong>Karri\u00e4r: N\u00e4tverkande \u00e4r avg\u00f6rande<\/strong><br\/>Investera i ditt professionella n\u00e4tverk. Bygg relationer med kollegor, mentorer och andra inom ditt omr\u00e5de. N\u00e4tverkande kan \u00f6ppna d\u00f6rrar till nya m\u00f6jligheter och tillv\u00e4xt.<br\/><\/li>\n\n\n\n<li><strong>Lycka: att uttrycka tacksamhet<\/strong><br\/>Ta en stund varje dag och fundera \u00f6ver vad du \u00e4r tacksam f\u00f6r. Att uttrycka tacksamhet kan f\u00f6rb\u00e4ttra ditt psykiska v\u00e4lbefinnande och fr\u00e4mja en positiv inst\u00e4llning.<\/li>\n<\/ol>\n\n<p>F\u00f6rs\u00f6k att inf\u00f6rliva dessa tips i ditt dagliga liv och ta reda p\u00e5 vilka som passar dig b\u00e4st!<\/p>\n","protected":false},"excerpt":{"rendered":"<p>H\u00e4r \u00e4r n\u00e5gra intressanta tips om olika \u00e4mnen (vi uppdaterar denna lista regelbundet) F\u00f6rs\u00f6k att inf\u00f6rliva dessa tips i ditt dagliga liv och ta reda p\u00e5 vilka som passar dig b\u00e4st!<\/p>\n","protected":false},"author":1,"featured_media":0,"parent":0,"menu_order":0,"comment_status":"closed","ping_status":"closed","template":"","meta":{"footnotes":""},"class_list":["post-1445","page","type-page","status-publish"],"_links":{"self":[{"href":"https:\/\/bloggertje.eu\/sv\/wp-json\/wp\/v2\/pages\/1445","targetHints":{"allow":["GET"]}}],"collection":[{"href":"https:\/\/bloggertje.eu\/sv\/wp-json\/wp\/v2\/pages"}],"about":[{"href":"https:\/\/bloggertje.eu\/sv\/wp-json\/wp\/v2\/types\/page"}],"author":[{"embeddable":true,"href":"https:\/\/bloggertje.eu\/sv\/wp-json\/wp\/v2\/users\/1"}],"replies":[{"embeddable":true,"href":"https:\/\/bloggertje.eu\/sv\/wp-json\/wp\/v2\/comments?post=1445"}],"version-history":[{"count":1,"href":"https:\/\/bloggertje.eu\/sv\/wp-json\/wp\/v2\/pages\/1445\/revisions"}],"predecessor-version":[{"id":7174,"href":"https:\/\/bloggertje.eu\/sv\/wp-json\/wp\/v2\/pages\/1445\/revisions\/7174"}],"wp:attachment":[{"href":"https:\/\/bloggertje.eu\/sv\/wp-json\/wp\/v2\/media?parent=1445"}],"curies":[{"name":"wp","href":"https:\/\/api.w.org\/{rel}","templated":true}]}}